{"id":317,"date":"2023-05-08T18:25:58","date_gmt":"2023-05-08T16:25:58","guid":{"rendered":"https:\/\/tom-artgroup.pl\/?page_id=317"},"modified":"2026-01-26T10:03:34","modified_gmt":"2026-01-26T09:03:34","slug":"oliwia","status":"publish","type":"page","link":"https:\/\/tom-artgroup.pl\/?page_id=317","title":{"rendered":"GROTTO"},"content":{"rendered":"\n<p><strong>THOMAS GROTTO Z ORKIESTR\u0104<\/strong> &#8211; <strong>WIECZ\u00d3R W\u0141OSKICH PRZEBOJ\u00d3W WSZECH CZAS\u00d3W<\/strong><\/p>\n\n\n\n<p class=\"has-text-align-center\">Zapraszamy na wyj\u0105tkowy koncert, kt\u00f3ry \u0142\u0105czy niezr\u00f3wnany talent wokalny Thomasa Grotto              \u00a0z brzmieniem profesjonalnej orkiestry. To muzyczna podr\u00f3\u017c przez ponadczasowe w\u0142oskie przeboje, kt\u00f3re na zawsze zapisa\u0142y si\u0119 w historii muzyki i sercach s\u0142uchaczy.<\/p>\n\n\n\n<p class=\"has-text-align-center\"><strong>THOMAS GROTTO \u2013 W\u0141OSKI G\u0141OS, KT\u00d3RY PORUSZA<\/strong><\/p>\n\n\n\n<p class=\"has-text-align-center\">Thomas Grotto, pochodz\u0105cy z Bolzano w\u0142oski wokalista, kt\u00f3rego ciep\u0142y, pot\u0119\u017cny g\u0142os i niezwyk\u0142a charyzma zyska\u0142y uznanie polskiej publiczno\u015bci. Finalista program\u00f3w \u201eSzansa na Sukces\u201d i \u201eMust Be the Music\u201d z \u0142atwo\u015bci\u0105 oddaje ducha klasycznych w\u0142oskich hit\u00f3w, przenosz\u0105c publiczno\u015b\u0107 do s\u0142onecznej Italii. Jego wyst\u0119py s\u0105 pe\u0142ne pasji, autentyczno\u015bci i szacunku dla oryginalnych wykona\u0144.<\/p>\n\n\n\n<p class=\"has-text-align-center\"><strong>MOC, ELEGANCJA I PE\u0141NE BRZMIENIE ORKIESTRY<\/strong><\/p>\n\n\n\n<p>Towarzysz\u0105ca Thomasowi Grotto orkiestra, to zesp\u00f3\u0142 muzyk\u00f3w, kt\u00f3rzy dbaj\u0105 o ka\u017cdy szczeg\u00f3\u0142 wykonania. Dzi\u0119ki po\u0142\u0105czeniu klasycznych aran\u017cacji i nowoczesnego podej\u015bcia do brzmienia, publiczno\u015b\u0107 mo\u017ce us\u0142ysze\u0107 te utwory w pe\u0142nej, koncertowej ods\u0142onie, kt\u00f3ra zachwyci zar\u00f3wno mi\u0142o\u015bnik\u00f3w w\u0142oskiej muzyki, jak i m\u0142odsze pokolenia. Uniwersalny repertuar \u2013 koncert \u0142\u0105czy pokolenia, a w\u0142oskie hity wci\u0105\u017c budz\u0105 emocje i zach\u0119caj\u0105 do wsp\u00f3lnego \u015bpiewania.<br><\/p>\n\n\n\n<div class=\"wp-block-columns is-layout-flex wp-container-core-columns-is-layout-9d6595d7 wp-block-columns-is-layout-flex\">\n<div class=\"wp-block-column is-layout-flow wp-block-column-is-layout-flow\" style=\"flex-basis:100%\">\n<figure class=\"wp-block-gallery has-nested-images columns-default is-cropped wp-block-gallery-1 is-layout-flex wp-block-gallery-is-layout-flex\">\n<figure class=\"wp-block-image size-large\"><img loading=\"lazy\" decoding=\"async\" width=\"1024\" height=\"1024\" data-id=\"577\" src=\"https:\/\/tom-artgroup.pl\/wp-content\/uploads\/2026\/01\/TGrotto-1024x1024.jpg\" alt=\"\" class=\"wp-image-577\" srcset=\"https:\/\/tom-artgroup.pl\/wp-content\/uploads\/2026\/01\/TGrotto-1024x1024.jpg 1024w, https:\/\/tom-artgroup.pl\/wp-content\/uploads\/2026\/01\/TGrotto-300x300.jpg 300w, https:\/\/tom-artgroup.pl\/wp-content\/uploads\/2026\/01\/TGrotto-150x150.jpg 150w, https:\/\/tom-artgroup.pl\/wp-content\/uploads\/2026\/01\/TGrotto-768x769.jpg 768w, https:\/\/tom-artgroup.pl\/wp-content\/uploads\/2026\/01\/TGrotto-600x600.jpg 600w, https:\/\/tom-artgroup.pl\/wp-content\/uploads\/2026\/01\/TGrotto-100x100.jpg 100w, https:\/\/tom-artgroup.pl\/wp-content\/uploads\/2026\/01\/TGrotto.jpg 1364w\" sizes=\"auto, (max-width: 1024px) 100vw, 1024px\" \/><\/figure>\n\n\n\n<figure class=\"wp-block-image size-large\"><img loading=\"lazy\" decoding=\"async\" width=\"400\" height=\"400\" data-id=\"578\" src=\"https:\/\/tom-artgroup.pl\/wp-content\/uploads\/2026\/01\/TGrotto1.jpg\" alt=\"\" class=\"wp-image-578\" srcset=\"https:\/\/tom-artgroup.pl\/wp-content\/uploads\/2026\/01\/TGrotto1.jpg 400w, https:\/\/tom-artgroup.pl\/wp-content\/uploads\/2026\/01\/TGrotto1-300x300.jpg 300w, https:\/\/tom-artgroup.pl\/wp-content\/uploads\/2026\/01\/TGrotto1-150x150.jpg 150w, https:\/\/tom-artgroup.pl\/wp-content\/uploads\/2026\/01\/TGrotto1-100x100.jpg 100w\" sizes=\"auto, (max-width: 400px) 100vw, 400px\" \/><\/figure>\n\n\n\n<figure class=\"wp-block-image size-large\"><img loading=\"lazy\" decoding=\"async\" width=\"987\" height=\"555\" data-id=\"579\" src=\"https:\/\/tom-artgroup.pl\/wp-content\/uploads\/2026\/01\/TGrotto2.jpg\" alt=\"\" class=\"wp-image-579\" srcset=\"https:\/\/tom-artgroup.pl\/wp-content\/uploads\/2026\/01\/TGrotto2.jpg 987w, https:\/\/tom-artgroup.pl\/wp-content\/uploads\/2026\/01\/TGrotto2-300x169.jpg 300w, https:\/\/tom-artgroup.pl\/wp-content\/uploads\/2026\/01\/TGrotto2-768x432.jpg 768w, https:\/\/tom-artgroup.pl\/wp-content\/uploads\/2026\/01\/TGrotto2-600x337.jpg 600w\" sizes=\"auto, (max-width: 987px) 100vw, 987px\" \/><\/figure>\n\n\n\n<figure class=\"wp-block-image size-large\"><img loading=\"lazy\" decoding=\"async\" width=\"525\" height=\"743\" data-id=\"580\" src=\"https:\/\/tom-artgroup.pl\/wp-content\/uploads\/2026\/01\/TGrotto3.jpg\" alt=\"\" class=\"wp-image-580\" srcset=\"https:\/\/tom-artgroup.pl\/wp-content\/uploads\/2026\/01\/TGrotto3.jpg 525w, https:\/\/tom-artgroup.pl\/wp-content\/uploads\/2026\/01\/TGrotto3-212x300.jpg 212w\" sizes=\"auto, (max-width: 525px) 100vw, 525px\" \/><\/figure>\n\n\n\n<figure class=\"wp-block-image size-large\"><img loading=\"lazy\" decoding=\"async\" width=\"1024\" height=\"682\" data-id=\"581\" src=\"https:\/\/tom-artgroup.pl\/wp-content\/uploads\/2026\/01\/TGrotto4-1024x682.jpg\" alt=\"\" class=\"wp-image-581\" srcset=\"https:\/\/tom-artgroup.pl\/wp-content\/uploads\/2026\/01\/TGrotto4-1024x682.jpg 1024w, https:\/\/tom-artgroup.pl\/wp-content\/uploads\/2026\/01\/TGrotto4-300x200.jpg 300w, https:\/\/tom-artgroup.pl\/wp-content\/uploads\/2026\/01\/TGrotto4-768x512.jpg 768w, https:\/\/tom-artgroup.pl\/wp-content\/uploads\/2026\/01\/TGrotto4-600x400.jpg 600w, https:\/\/tom-artgroup.pl\/wp-content\/uploads\/2026\/01\/TGrotto4.jpg 1280w\" sizes=\"auto, (max-width: 1024px) 100vw, 1024px\" \/><\/figure>\n<\/figure>\n<\/div>\n<\/div>\n\n\n\n<p class=\"has-text-align-center\"><strong>REPERTUAR, KT\u00d3RY WZRUSZA I PORYWA<\/strong><\/p>\n\n\n\n<p class=\"has-text-align-center\">Podczas koncertu us\u0142ysz\u0105 Pa\u0144stwo najpi\u0119kniejsze w\u0142oskie piosenki:<\/p>\n\n\n\n<p class=\"has-text-align-center\"><em>\u201eVolare\u201d \u201eMamma Maria\u201d \u201eFelicit\u00e0\u201d \u201eTi Amo\u201d \u201eL\u2019italiano\u201d<\/em><\/p>\n\n\n\n<p class=\"has-text-align-center\"><em>\u201eQuando, Quando, Quando\u201d \u201eBaila Morena\u201d \u201eO Sole Mio\u201d i wiele innych!<\/em><\/p>\n\n\n\n<p class=\"has-text-align-center\"><strong>EMOCJE, WSP\u00d3LNY \u015aPIEW I ANEGDOTY<\/strong><\/p>\n\n\n\n<p class=\"has-text-align-center\">To nie tylko odtworzenie muzyki \u2013 Thomas Grotto anga\u017cuje publiczno\u015b\u0107 w koncert, zach\u0119caj\u0105c do wsp\u00f3lnego \u015bpiewania a nawet \u2026ta\u0144ca!. Mi\u0119dzy utworami dzieli si\u0119 anegdotami i ciekawostkami &nbsp;&nbsp;&nbsp;&nbsp;&nbsp;&nbsp;&nbsp;&nbsp;o piosenkach i artystach, wprowadzaj\u0105c s\u0142uchaczy w wyj\u0105tkow\u0105 atmosfer\u0119 koncertu.<\/p>\n\n\n\n<ul class=\"wp-block-list\">\n<li>oko\u0142o 2-godzinny koncert<\/li>\n\n\n\n<li>Thomas Grotto z wokalistk\u0105<\/li>\n\n\n\n<li>ch\u00f3rek<\/li>\n\n\n\n<li>kilkunastoosobowa orkiestra *<\/li>\n<\/ul>\n\n\n\n<p>*(wymagana scena min. 11m x 9m)<\/p>\n","protected":false},"excerpt":{"rendered":"<p>THOMAS GROTTO Z ORKIESTR\u0104 &#8211; WIECZ\u00d3R W\u0141OSKICH PRZEBOJ\u00d3W WSZECH CZAS\u00d3W Zapraszamy na wyj\u0105tkowy koncert, kt\u00f3ry \u0142\u0105czy niezr\u00f3wnany talent wokalny Thomasa Grotto \u00a0z brzmieniem profesjonalnej orkiestry. To muzyczna podr\u00f3\u017c przez ponadczasowe w\u0142oskie przeboje, kt\u00f3re na zawsze zapisa\u0142y si\u0119 w historii muzyki i sercach s\u0142uchaczy. THOMAS GROTTO \u2013 W\u0141OSKI G\u0141OS, KT\u00d3RY PORUSZA Thomas Grotto, pochodz\u0105cy z Bolzano&hellip; <a href=\"https:\/\/tom-artgroup.pl\/?page_id=317\" class=\"read-more\">Continue reading GROTTO<\/a><\/p>\n","protected":false},"author":1,"featured_media":0,"parent":0,"menu_order":0,"comment_status":"closed","ping_status":"closed","template":"","meta":{"footnotes":""},"class_list":["post-317","page","type-page","status-publish","hentry"],"_links":{"self":[{"href":"https:\/\/tom-artgroup.pl\/index.php?rest_route=\/wp\/v2\/pages\/317","targetHints":{"allow":["GET"]}}],"collection":[{"href":"https:\/\/tom-artgroup.pl\/index.php?rest_route=\/wp\/v2\/pages"}],"about":[{"href":"https:\/\/tom-artgroup.pl\/index.php?rest_route=\/wp\/v2\/types\/page"}],"author":[{"embeddable":true,"href":"https:\/\/tom-artgroup.pl\/index.php?rest_route=\/wp\/v2\/users\/1"}],"replies":[{"embeddable":true,"href":"https:\/\/tom-artgroup.pl\/index.php?rest_route=%2Fwp%2Fv2%2Fcomments&post=317"}],"version-history":[{"count":6,"href":"https:\/\/tom-artgroup.pl\/index.php?rest_route=\/wp\/v2\/pages\/317\/revisions"}],"predecessor-version":[{"id":585,"href":"https:\/\/tom-artgroup.pl\/index.php?rest_route=\/wp\/v2\/pages\/317\/revisions\/585"}],"wp:attachment":[{"href":"https:\/\/tom-artgroup.pl\/index.php?rest_route=%2Fwp%2Fv2%2Fmedia&parent=317"}],"curies":[{"name":"wp","href":"https:\/\/api.w.org\/{rel}","templated":true}]}}