{"id":6,"date":"2022-09-15T20:04:41","date_gmt":"2022-09-15T18:04:41","guid":{"rendered":"http:\/\/tom-artgroup.pl\/?page_id=6"},"modified":"2025-01-24T13:18:14","modified_gmt":"2025-01-24T12:18:14","slug":"informacje","status":"publish","type":"page","link":"https:\/\/tom-artgroup.pl\/?page_id=6","title":{"rendered":"O nas"},"content":{"rendered":"\n<p><strong>Zajmujemy si\u0119 organizacj\u0105 oraz obs\u0142ug\u0105 techniczno &#8211; artystyczn\u0105 imprez rozrywkowych<\/strong>!<\/p>\n\n\n\n<ul class=\"wp-block-list\">\n<li><strong>Posiadamy sceny, nag\u0142o\u015bnienie, o\u015bwietlenie sceniczne, telebimy, barierki ochronne oraz inne urz\u0105dzenia potrzebne do profesjonalnego przygotowania i przeprowadzenia wydarze\u0144 rozrywkowych. <\/strong><\/li>\n<\/ul>\n\n\n\n<p><strong>Polecamy r\u00f3wnie\u017c artyst\u00f3w, kt\u00f3rych managementem zajmuje si\u0119 nasza firma<\/strong>!<\/p>\n\n\n\n<div class=\"wp-block-columns is-layout-flex wp-container-core-columns-is-layout-9d6595d7 wp-block-columns-is-layout-flex\">\n<div class=\"wp-block-column is-layout-flow wp-block-column-is-layout-flow\" style=\"flex-basis:100%\">\n<div class=\"wp-block-columns is-layout-flex wp-container-core-columns-is-layout-9d6595d7 wp-block-columns-is-layout-flex\">\n<div class=\"wp-block-column is-layout-flow wp-block-column-is-layout-flow\" style=\"flex-basis:100%\">\n<div class=\"wp-block-group is-layout-grid wp-container-core-group-is-layout-9649a0d9 wp-block-group-is-layout-grid\">\n<figure class=\"wp-block-image size-full\"><img loading=\"lazy\" decoding=\"async\" width=\"788\" height=\"1006\" src=\"https:\/\/tom-artgroup.pl\/wp-content\/uploads\/2024\/08\/4fcd3509-5bda-4a94-bd07-e690c2162957-1.jpg\" alt=\"\" class=\"wp-image-373\" srcset=\"https:\/\/tom-artgroup.pl\/wp-content\/uploads\/2024\/08\/4fcd3509-5bda-4a94-bd07-e690c2162957-1.jpg 788w, https:\/\/tom-artgroup.pl\/wp-content\/uploads\/2024\/08\/4fcd3509-5bda-4a94-bd07-e690c2162957-1-600x766.jpg 600w, https:\/\/tom-artgroup.pl\/wp-content\/uploads\/2024\/08\/4fcd3509-5bda-4a94-bd07-e690c2162957-1-235x300.jpg 235w, https:\/\/tom-artgroup.pl\/wp-content\/uploads\/2024\/08\/4fcd3509-5bda-4a94-bd07-e690c2162957-1-768x980.jpg 768w\" sizes=\"auto, (max-width: 788px) 100vw, 788px\" \/><\/figure>\n\n\n\n<figure class=\"wp-block-image size-large\"><img loading=\"lazy\" decoding=\"async\" width=\"768\" height=\"1024\" src=\"https:\/\/tom-artgroup.pl\/wp-content\/uploads\/2024\/08\/IMG_1557-1-768x1024.jpg\" alt=\"\" class=\"wp-image-374\" srcset=\"https:\/\/tom-artgroup.pl\/wp-content\/uploads\/2024\/08\/IMG_1557-1-768x1024.jpg 768w, https:\/\/tom-artgroup.pl\/wp-content\/uploads\/2024\/08\/IMG_1557-1-scaled-600x800.jpg 600w, https:\/\/tom-artgroup.pl\/wp-content\/uploads\/2024\/08\/IMG_1557-1-225x300.jpg 225w, https:\/\/tom-artgroup.pl\/wp-content\/uploads\/2024\/08\/IMG_1557-1-1152x1536.jpg 1152w, https:\/\/tom-artgroup.pl\/wp-content\/uploads\/2024\/08\/IMG_1557-1-1536x2048.jpg 1536w, https:\/\/tom-artgroup.pl\/wp-content\/uploads\/2024\/08\/IMG_1557-1-scaled.jpg 1920w\" sizes=\"auto, (max-width: 768px) 100vw, 768px\" \/><\/figure>\n\n\n\n<figure class=\"wp-block-image size-large\"><img loading=\"lazy\" decoding=\"async\" width=\"724\" height=\"1024\" src=\"https:\/\/tom-artgroup.pl\/wp-content\/uploads\/2024\/08\/logo_tomart_na_baner_Obszar-roboczy-1-1-724x1024.png\" alt=\"\" class=\"wp-image-375\" srcset=\"https:\/\/tom-artgroup.pl\/wp-content\/uploads\/2024\/08\/logo_tomart_na_baner_Obszar-roboczy-1-1-724x1024.png 724w, https:\/\/tom-artgroup.pl\/wp-content\/uploads\/2024\/08\/logo_tomart_na_baner_Obszar-roboczy-1-1-600x848.png 600w, https:\/\/tom-artgroup.pl\/wp-content\/uploads\/2024\/08\/logo_tomart_na_baner_Obszar-roboczy-1-1-212x300.png 212w, https:\/\/tom-artgroup.pl\/wp-content\/uploads\/2024\/08\/logo_tomart_na_baner_Obszar-roboczy-1-1-768x1086.png 768w, https:\/\/tom-artgroup.pl\/wp-content\/uploads\/2024\/08\/logo_tomart_na_baner_Obszar-roboczy-1-1-1086x1536.png 1086w, https:\/\/tom-artgroup.pl\/wp-content\/uploads\/2024\/08\/logo_tomart_na_baner_Obszar-roboczy-1-1-1448x2048.png 1448w\" sizes=\"auto, (max-width: 724px) 100vw, 724px\" \/><\/figure>\n\n\n\n<figure class=\"wp-block-image size-large\"><img loading=\"lazy\" decoding=\"async\" width=\"768\" height=\"1024\" src=\"https:\/\/tom-artgroup.pl\/wp-content\/uploads\/2024\/08\/IMG_1563-768x1024.jpg\" alt=\"\" class=\"wp-image-376\" srcset=\"https:\/\/tom-artgroup.pl\/wp-content\/uploads\/2024\/08\/IMG_1563-768x1024.jpg 768w, https:\/\/tom-artgroup.pl\/wp-content\/uploads\/2024\/08\/IMG_1563-scaled-600x800.jpg 600w, https:\/\/tom-artgroup.pl\/wp-content\/uploads\/2024\/08\/IMG_1563-225x300.jpg 225w, https:\/\/tom-artgroup.pl\/wp-content\/uploads\/2024\/08\/IMG_1563-1152x1536.jpg 1152w, https:\/\/tom-artgroup.pl\/wp-content\/uploads\/2024\/08\/IMG_1563-1536x2048.jpg 1536w, https:\/\/tom-artgroup.pl\/wp-content\/uploads\/2024\/08\/IMG_1563-scaled.jpg 1920w\" sizes=\"auto, (max-width: 768px) 100vw, 768px\" \/><\/figure>\n\n\n\n<figure class=\"wp-block-image size-large\"><img loading=\"lazy\" decoding=\"async\" width=\"728\" height=\"1024\" src=\"https:\/\/tom-artgroup.pl\/wp-content\/uploads\/2024\/08\/IMG_1543-728x1024.jpg\" alt=\"\" class=\"wp-image-389\" srcset=\"https:\/\/tom-artgroup.pl\/wp-content\/uploads\/2024\/08\/IMG_1543-728x1024.jpg 728w, https:\/\/tom-artgroup.pl\/wp-content\/uploads\/2024\/08\/IMG_1543-scaled-600x844.jpg 600w, https:\/\/tom-artgroup.pl\/wp-content\/uploads\/2024\/08\/IMG_1543-213x300.jpg 213w, https:\/\/tom-artgroup.pl\/wp-content\/uploads\/2024\/08\/IMG_1543-768x1080.jpg 768w, https:\/\/tom-artgroup.pl\/wp-content\/uploads\/2024\/08\/IMG_1543-1092x1536.jpg 1092w, https:\/\/tom-artgroup.pl\/wp-content\/uploads\/2024\/08\/IMG_1543-1456x2048.jpg 1456w, https:\/\/tom-artgroup.pl\/wp-content\/uploads\/2024\/08\/IMG_1543-scaled.jpg 1820w\" sizes=\"auto, (max-width: 728px) 100vw, 728px\" \/><\/figure>\n<\/div>\n<\/div>\n<\/div>\n<\/div>\n<\/div>\n\n\n\n<p><\/p>\n\n\n\n<p><strong>Zapraszamy na koncerty Wind Cameral Orchestra w programie &#8220;My Way&#8221; &#8211; kultowe przeboje Krzysztofa Krawczyka, Zbigniewa Wodeckiego i Witolda Paszta. Blisko dwie godziny \u015bwietnej zabawy z profesjonalnymi artystami i najwi\u0119kszymi przebojami legend polskiej piosenki!<\/strong><\/p>\n\n\n\n<p> <a href=\"https:\/\/www.facebook.com\/AdamMichtaArtsPhotoZone\/\">(fot. Adam Michta)<\/a><\/p>\n\n\n\n<figure class=\"wp-block-gallery has-nested-images columns-default is-cropped wp-block-gallery-1 is-layout-flex wp-block-gallery-is-layout-flex\">\n<figure class=\"wp-block-image size-large\"><img loading=\"lazy\" decoding=\"async\" width=\"1024\" height=\"683\" data-id=\"369\" src=\"https:\/\/tom-artgroup.pl\/wp-content\/uploads\/2024\/08\/20240323-R5AD1201-1024x683.jpg\" alt=\"\" class=\"wp-image-369\" srcset=\"https:\/\/tom-artgroup.pl\/wp-content\/uploads\/2024\/08\/20240323-R5AD1201-1024x683.jpg 1024w, https:\/\/tom-artgroup.pl\/wp-content\/uploads\/2024\/08\/20240323-R5AD1201-600x400.jpg 600w, https:\/\/tom-artgroup.pl\/wp-content\/uploads\/2024\/08\/20240323-R5AD1201-300x200.jpg 300w, https:\/\/tom-artgroup.pl\/wp-content\/uploads\/2024\/08\/20240323-R5AD1201-768x512.jpg 768w, https:\/\/tom-artgroup.pl\/wp-content\/uploads\/2024\/08\/20240323-R5AD1201-1536x1024.jpg 1536w, https:\/\/tom-artgroup.pl\/wp-content\/uploads\/2024\/08\/20240323-R5AD1201-2048x1366.jpg 2048w, https:\/\/tom-artgroup.pl\/wp-content\/uploads\/2024\/08\/20240323-R5AD1201-930x620.jpg 930w\" sizes=\"auto, (max-width: 1024px) 100vw, 1024px\" \/><\/figure>\n\n\n\n<figure class=\"wp-block-image size-large\"><img loading=\"lazy\" decoding=\"async\" width=\"1024\" height=\"683\" data-id=\"359\" src=\"https:\/\/tom-artgroup.pl\/wp-content\/uploads\/2024\/03\/wco_komorniki-43-1024x683.jpg\" alt=\"\" class=\"wp-image-359\" srcset=\"https:\/\/tom-artgroup.pl\/wp-content\/uploads\/2024\/03\/wco_komorniki-43-1024x683.jpg 1024w, https:\/\/tom-artgroup.pl\/wp-content\/uploads\/2024\/03\/wco_komorniki-43-600x400.jpg 600w, https:\/\/tom-artgroup.pl\/wp-content\/uploads\/2024\/03\/wco_komorniki-43-300x200.jpg 300w, https:\/\/tom-artgroup.pl\/wp-content\/uploads\/2024\/03\/wco_komorniki-43-768x512.jpg 768w, https:\/\/tom-artgroup.pl\/wp-content\/uploads\/2024\/03\/wco_komorniki-43-1536x1024.jpg 1536w, https:\/\/tom-artgroup.pl\/wp-content\/uploads\/2024\/03\/wco_komorniki-43-2048x1366.jpg 2048w, https:\/\/tom-artgroup.pl\/wp-content\/uploads\/2024\/03\/wco_komorniki-43-930x620.jpg 930w\" sizes=\"auto, (max-width: 1024px) 100vw, 1024px\" \/><\/figure>\n\n\n\n<figure class=\"wp-block-image size-large\"><img loading=\"lazy\" decoding=\"async\" width=\"1024\" height=\"683\" data-id=\"358\" src=\"https:\/\/tom-artgroup.pl\/wp-content\/uploads\/2024\/03\/wco_komorniki-31-1024x683.jpg\" alt=\"\" class=\"wp-image-358\" srcset=\"https:\/\/tom-artgroup.pl\/wp-content\/uploads\/2024\/03\/wco_komorniki-31-1024x683.jpg 1024w, https:\/\/tom-artgroup.pl\/wp-content\/uploads\/2024\/03\/wco_komorniki-31-600x400.jpg 600w, https:\/\/tom-artgroup.pl\/wp-content\/uploads\/2024\/03\/wco_komorniki-31-300x200.jpg 300w, https:\/\/tom-artgroup.pl\/wp-content\/uploads\/2024\/03\/wco_komorniki-31-768x512.jpg 768w, https:\/\/tom-artgroup.pl\/wp-content\/uploads\/2024\/03\/wco_komorniki-31-1536x1024.jpg 1536w, https:\/\/tom-artgroup.pl\/wp-content\/uploads\/2024\/03\/wco_komorniki-31-2048x1366.jpg 2048w, https:\/\/tom-artgroup.pl\/wp-content\/uploads\/2024\/03\/wco_komorniki-31-930x620.jpg 930w\" sizes=\"auto, (max-width: 1024px) 100vw, 1024px\" \/><\/figure>\n\n\n\n<figure class=\"wp-block-image size-large\"><img loading=\"lazy\" decoding=\"async\" width=\"1024\" height=\"683\" data-id=\"357\" src=\"https:\/\/tom-artgroup.pl\/wp-content\/uploads\/2024\/03\/wco_komorniki-16-1024x683.jpg\" alt=\"\" class=\"wp-image-357\" srcset=\"https:\/\/tom-artgroup.pl\/wp-content\/uploads\/2024\/03\/wco_komorniki-16-1024x683.jpg 1024w, https:\/\/tom-artgroup.pl\/wp-content\/uploads\/2024\/03\/wco_komorniki-16-600x400.jpg 600w, https:\/\/tom-artgroup.pl\/wp-content\/uploads\/2024\/03\/wco_komorniki-16-300x200.jpg 300w, https:\/\/tom-artgroup.pl\/wp-content\/uploads\/2024\/03\/wco_komorniki-16-768x512.jpg 768w, https:\/\/tom-artgroup.pl\/wp-content\/uploads\/2024\/03\/wco_komorniki-16-1536x1024.jpg 1536w, https:\/\/tom-artgroup.pl\/wp-content\/uploads\/2024\/03\/wco_komorniki-16-2048x1366.jpg 2048w, https:\/\/tom-artgroup.pl\/wp-content\/uploads\/2024\/03\/wco_komorniki-16-930x620.jpg 930w\" sizes=\"auto, (max-width: 1024px) 100vw, 1024px\" \/><\/figure>\n\n\n\n<figure class=\"wp-block-image size-large\"><img loading=\"lazy\" decoding=\"async\" width=\"1024\" height=\"683\" data-id=\"356\" src=\"https:\/\/tom-artgroup.pl\/wp-content\/uploads\/2024\/03\/wco_komorniki-6-1024x683.jpg\" alt=\"\" class=\"wp-image-356\" srcset=\"https:\/\/tom-artgroup.pl\/wp-content\/uploads\/2024\/03\/wco_komorniki-6-1024x683.jpg 1024w, https:\/\/tom-artgroup.pl\/wp-content\/uploads\/2024\/03\/wco_komorniki-6-600x400.jpg 600w, https:\/\/tom-artgroup.pl\/wp-content\/uploads\/2024\/03\/wco_komorniki-6-300x200.jpg 300w, https:\/\/tom-artgroup.pl\/wp-content\/uploads\/2024\/03\/wco_komorniki-6-768x512.jpg 768w, https:\/\/tom-artgroup.pl\/wp-content\/uploads\/2024\/03\/wco_komorniki-6-1536x1024.jpg 1536w, https:\/\/tom-artgroup.pl\/wp-content\/uploads\/2024\/03\/wco_komorniki-6-2048x1366.jpg 2048w, https:\/\/tom-artgroup.pl\/wp-content\/uploads\/2024\/03\/wco_komorniki-6-930x620.jpg 930w\" sizes=\"auto, (max-width: 1024px) 100vw, 1024px\" \/><\/figure>\n\n\n\n<figure class=\"wp-block-image size-large\"><img loading=\"lazy\" decoding=\"async\" width=\"1024\" height=\"683\" data-id=\"355\" src=\"https:\/\/tom-artgroup.pl\/wp-content\/uploads\/2024\/03\/wco_komorniki-3-1024x683.jpg\" alt=\"\" class=\"wp-image-355\" srcset=\"https:\/\/tom-artgroup.pl\/wp-content\/uploads\/2024\/03\/wco_komorniki-3-1024x683.jpg 1024w, https:\/\/tom-artgroup.pl\/wp-content\/uploads\/2024\/03\/wco_komorniki-3-600x400.jpg 600w, https:\/\/tom-artgroup.pl\/wp-content\/uploads\/2024\/03\/wco_komorniki-3-300x200.jpg 300w, https:\/\/tom-artgroup.pl\/wp-content\/uploads\/2024\/03\/wco_komorniki-3-768x512.jpg 768w, https:\/\/tom-artgroup.pl\/wp-content\/uploads\/2024\/03\/wco_komorniki-3-1536x1024.jpg 1536w, https:\/\/tom-artgroup.pl\/wp-content\/uploads\/2024\/03\/wco_komorniki-3-2048x1366.jpg 2048w, https:\/\/tom-artgroup.pl\/wp-content\/uploads\/2024\/03\/wco_komorniki-3-930x620.jpg 930w\" sizes=\"auto, (max-width: 1024px) 100vw, 1024px\" \/><\/figure>\n<\/figure>\n","protected":false},"excerpt":{"rendered":"<p>Zajmujemy si\u0119 organizacj\u0105 oraz obs\u0142ug\u0105 techniczno &#8211; artystyczn\u0105 imprez rozrywkowych! Polecamy r\u00f3wnie\u017c artyst\u00f3w, kt\u00f3rych managementem zajmuje si\u0119 nasza firma! Zapraszamy na koncerty Wind Cameral Orchestra w programie &#8220;My Way&#8221; &#8211; kultowe przeboje Krzysztofa Krawczyka, Zbigniewa Wodeckiego i Witolda Paszta. Blisko dwie godziny \u015bwietnej zabawy z profesjonalnymi artystami i najwi\u0119kszymi przebojami legend polskiej piosenki! (fot. Adam&hellip; <a href=\"https:\/\/tom-artgroup.pl\/?page_id=6\" class=\"read-more\">Continue reading O nas<\/a><\/p>\n","protected":false},"author":1,"featured_media":0,"parent":0,"menu_order":0,"comment_status":"closed","ping_status":"closed","template":"","meta":{"footnotes":""},"class_list":["post-6","page","type-page","status-publish","hentry"],"_links":{"self":[{"href":"https:\/\/tom-artgroup.pl\/index.php?rest_route=\/wp\/v2\/pages\/6","targetHints":{"allow":["GET"]}}],"collection":[{"href":"https:\/\/tom-artgroup.pl\/index.php?rest_route=\/wp\/v2\/pages"}],"about":[{"href":"https:\/\/tom-artgroup.pl\/index.php?rest_route=\/wp\/v2\/types\/page"}],"author":[{"embeddable":true,"href":"https:\/\/tom-artgroup.pl\/index.php?rest_route=\/wp\/v2\/users\/1"}],"replies":[{"embeddable":true,"href":"https:\/\/tom-artgroup.pl\/index.php?rest_route=%2Fwp%2Fv2%2Fcomments&post=6"}],"version-history":[{"count":17,"href":"https:\/\/tom-artgroup.pl\/index.php?rest_route=\/wp\/v2\/pages\/6\/revisions"}],"predecessor-version":[{"id":503,"href":"https:\/\/tom-artgroup.pl\/index.php?rest_route=\/wp\/v2\/pages\/6\/revisions\/503"}],"wp:attachment":[{"href":"https:\/\/tom-artgroup.pl\/index.php?rest_route=%2Fwp%2Fv2%2Fmedia&parent=6"}],"curies":[{"name":"wp","href":"https:\/\/api.w.org\/{rel}","templated":true}]}}